{"id":10189,"date":"2021-07-28T11:18:08","date_gmt":"2021-07-28T08:18:08","guid":{"rendered":"https:\/\/bcrockdrill.com\/tr\/?post_type=product&#038;p=10189"},"modified":"2024-03-12T10:21:31","modified_gmt":"2024-03-12T07:21:31","slug":"sanzuman-ic-kaplini-komple","status":"publish","type":"product","link":"https:\/\/bcrockdrill.com\/tr\/e-commerce\/sanzuman-ic-kaplini-komple\/","title":{"rendered":"\u015eanzuman \u0130\u00e7 Kaplini Komple"},"content":{"rendered":"","protected":false},"excerpt":{"rendered":"<p>Delkom No : 110 900 147<br \/>\nReferans No : 550 697 03<\/p>\n","protected":false},"featured_media":59309,"template":"","meta":[],"product_brand":[],"product_cat":[1772,1769],"product_tag":[2416],"class_list":{"0":"post-10189","1":"product","2":"type-product","3":"status-publish","4":"has-post-thumbnail","6":"product_cat-kaya-delici-makine","7":"product_cat-makina-yedek-parcalari","8":"product_tag-kaya-delici-makine-ranger-dx800","9":"product_shipping_class-1-2-hafta","11":"first","12":"instock","13":"shipping-taxable","14":"purchasable","15":"product-type-simple"},"yoast_head":"<!-- This site is optimized with the Yoast SEO plugin v27.3 - https:\/\/yoast.com\/product\/yoast-seo-wordpress\/ -->\n<title>\u015eanzuman \u0130\u00e7 Kaplini Komple Kaya Delici Makine, Makina Yedek Par\u00e7alar\u0131<\/title>\n<meta name=\"description\" content=\"Delkom No : 110 900 147 Referans No : 550 697 03\" \/>\n<meta name=\"robots\" content=\"index, follow, max-snippet:-1, max-image-preview:large, max-video-preview:-1\" \/>\n<link rel=\"canonical\" href=\"https:\/\/bcrockdrill.com\/tr\/e-commerce\/sanzuman-ic-kaplini-komple\/\" \/>\n<meta property=\"og:locale\" content=\"tr_TR\" \/>\n<meta property=\"og:type\" content=\"article\" \/>\n<meta property=\"og:title\" content=\"\u015eanzuman \u0130\u00e7 Kaplini Komple Kaya Delici Makine, Makina Yedek Par\u00e7alar\u0131\" \/>\n<meta property=\"og:description\" content=\"Delkom No : 110 900 147 Referans No : 550 697 03\" \/>\n<meta property=\"og:url\" content=\"https:\/\/bcrockdrill.com\/tr\/e-commerce\/sanzuman-ic-kaplini-komple\/\" \/>\n<meta property=\"og:site_name\" content=\"BC Delici Makine Yedek Par\u00e7a \u00dcreticisi\" \/>\n<meta property=\"article:modified_time\" content=\"2024-03-12T07:21:31+00:00\" \/>\n<meta property=\"og:image\" content=\"https:\/\/bcrockdrill.com\/tr\/wp-content\/uploads\/sites\/14\/2021\/09\/IMG_3049.png\" \/>\n\t<meta property=\"og:image:width\" content=\"600\" \/>\n\t<meta property=\"og:image:height\" content=\"400\" \/>\n\t<meta property=\"og:image:type\" content=\"image\/png\" \/>\n<meta name=\"twitter:card\" content=\"summary_large_image\" \/>\n<script type=\"application\/ld+json\" class=\"yoast-schema-graph\">{\"@context\":\"https:\\\/\\\/schema.org\",\"@graph\":[{\"@type\":\"WebPage\",\"@id\":\"https:\\\/\\\/bcrockdrill.com\\\/tr\\\/e-commerce\\\/sanzuman-ic-kaplini-komple\\\/\",\"url\":\"https:\\\/\\\/bcrockdrill.com\\\/tr\\\/e-commerce\\\/sanzuman-ic-kaplini-komple\\\/\",\"name\":\"\u015eanzuman \u0130\u00e7 Kaplini Komple Kaya Delici Makine, Makina Yedek Par\u00e7alar\u0131\",\"isPartOf\":{\"@id\":\"https:\\\/\\\/bcrockdrill.com\\\/tr\\\/#website\"},\"primaryImageOfPage\":{\"@id\":\"https:\\\/\\\/bcrockdrill.com\\\/tr\\\/e-commerce\\\/sanzuman-ic-kaplini-komple\\\/#primaryimage\"},\"image\":{\"@id\":\"https:\\\/\\\/bcrockdrill.com\\\/tr\\\/e-commerce\\\/sanzuman-ic-kaplini-komple\\\/#primaryimage\"},\"thumbnailUrl\":\"https:\\\/\\\/bcrockdrill.com\\\/tr\\\/wp-content\\\/uploads\\\/sites\\\/14\\\/2021\\\/09\\\/IMG_3049.png\",\"datePublished\":\"2021-07-28T08:18:08+00:00\",\"dateModified\":\"2024-03-12T07:21:31+00:00\",\"description\":\"Delkom No : 110 900 147 Referans No : 550 697 03\",\"breadcrumb\":{\"@id\":\"https:\\\/\\\/bcrockdrill.com\\\/tr\\\/e-commerce\\\/sanzuman-ic-kaplini-komple\\\/#breadcrumb\"},\"inLanguage\":\"tr\",\"potentialAction\":[{\"@type\":\"ReadAction\",\"target\":[\"https:\\\/\\\/bcrockdrill.com\\\/tr\\\/e-commerce\\\/sanzuman-ic-kaplini-komple\\\/\"]}]},{\"@type\":\"ImageObject\",\"inLanguage\":\"tr\",\"@id\":\"https:\\\/\\\/bcrockdrill.com\\\/tr\\\/e-commerce\\\/sanzuman-ic-kaplini-komple\\\/#primaryimage\",\"url\":\"https:\\\/\\\/bcrockdrill.com\\\/tr\\\/wp-content\\\/uploads\\\/sites\\\/14\\\/2021\\\/09\\\/IMG_3049.png\",\"contentUrl\":\"https:\\\/\\\/bcrockdrill.com\\\/tr\\\/wp-content\\\/uploads\\\/sites\\\/14\\\/2021\\\/09\\\/IMG_3049.png\",\"width\":600,\"height\":400},{\"@type\":\"BreadcrumbList\",\"@id\":\"https:\\\/\\\/bcrockdrill.com\\\/tr\\\/e-commerce\\\/sanzuman-ic-kaplini-komple\\\/#breadcrumb\",\"itemListElement\":[{\"@type\":\"ListItem\",\"position\":1,\"name\":\"Ana Sayfa\",\"item\":\"https:\\\/\\\/bcrockdrill.com\\\/tr\\\/\"},{\"@type\":\"ListItem\",\"position\":2,\"name\":\"E-Ticaret\",\"item\":\"https:\\\/\\\/bcrockdrill.com\\\/tr\\\/e-commerce\\\/\"},{\"@type\":\"ListItem\",\"position\":3,\"name\":\"\u015eanzuman \u0130\u00e7 Kaplini Komple\"}]},{\"@type\":\"WebSite\",\"@id\":\"https:\\\/\\\/bcrockdrill.com\\\/tr\\\/#website\",\"url\":\"https:\\\/\\\/bcrockdrill.com\\\/tr\\\/\",\"name\":\"BC Delici Makine Yedek Par\u00e7a \u00dcreticisi\",\"description\":\"Delici Tabanca ve Makine Yedek Par\u00e7alar\u0131\",\"publisher\":{\"@id\":\"https:\\\/\\\/bcrockdrill.com\\\/tr\\\/#organization\"},\"potentialAction\":[{\"@type\":\"SearchAction\",\"target\":{\"@type\":\"EntryPoint\",\"urlTemplate\":\"https:\\\/\\\/bcrockdrill.com\\\/tr\\\/?s={search_term_string}\"},\"query-input\":{\"@type\":\"PropertyValueSpecification\",\"valueRequired\":true,\"valueName\":\"search_term_string\"}}],\"inLanguage\":\"tr\"},{\"@type\":\"Organization\",\"@id\":\"https:\\\/\\\/bcrockdrill.com\\\/tr\\\/#organization\",\"name\":\"Delkom Rock Drill\",\"url\":\"https:\\\/\\\/bcrockdrill.com\\\/tr\\\/\",\"logo\":{\"@type\":\"ImageObject\",\"inLanguage\":\"tr\",\"@id\":\"https:\\\/\\\/bcrockdrill.com\\\/tr\\\/#\\\/schema\\\/logo\\\/image\\\/\",\"url\":\"https:\\\/\\\/bcrockdrill.com\\\/tr\\\/wp-content\\\/uploads\\\/sites\\\/14\\\/2021\\\/06\\\/logo-white-1.png\",\"contentUrl\":\"https:\\\/\\\/bcrockdrill.com\\\/tr\\\/wp-content\\\/uploads\\\/sites\\\/14\\\/2021\\\/06\\\/logo-white-1.png\",\"width\":300,\"height\":74,\"caption\":\"Delkom Rock Drill\"},\"image\":{\"@id\":\"https:\\\/\\\/bcrockdrill.com\\\/tr\\\/#\\\/schema\\\/logo\\\/image\\\/\"}}]}<\/script>\n<!-- \/ Yoast SEO plugin. -->","yoast_head_json":{"title":"\u015eanzuman \u0130\u00e7 Kaplini Komple Kaya Delici Makine, Makina Yedek Par\u00e7alar\u0131","description":"Delkom No : 110 900 147 Referans No : 550 697 03","robots":{"index":"index","follow":"follow","max-snippet":"max-snippet:-1","max-image-preview":"max-image-preview:large","max-video-preview":"max-video-preview:-1"},"canonical":"https:\/\/bcrockdrill.com\/tr\/e-commerce\/sanzuman-ic-kaplini-komple\/","og_locale":"tr_TR","og_type":"article","og_title":"\u015eanzuman \u0130\u00e7 Kaplini Komple Kaya Delici Makine, Makina Yedek Par\u00e7alar\u0131","og_description":"Delkom No : 110 900 147 Referans No : 550 697 03","og_url":"https:\/\/bcrockdrill.com\/tr\/e-commerce\/sanzuman-ic-kaplini-komple\/","og_site_name":"BC Delici Makine Yedek Par\u00e7a \u00dcreticisi","article_modified_time":"2024-03-12T07:21:31+00:00","og_image":[{"width":600,"height":400,"url":"https:\/\/bcrockdrill.com\/tr\/wp-content\/uploads\/sites\/14\/2021\/09\/IMG_3049.png","type":"image\/png"}],"twitter_card":"summary_large_image","schema":{"@context":"https:\/\/schema.org","@graph":[{"@type":"WebPage","@id":"https:\/\/bcrockdrill.com\/tr\/e-commerce\/sanzuman-ic-kaplini-komple\/","url":"https:\/\/bcrockdrill.com\/tr\/e-commerce\/sanzuman-ic-kaplini-komple\/","name":"\u015eanzuman \u0130\u00e7 Kaplini Komple Kaya Delici Makine, Makina Yedek Par\u00e7alar\u0131","isPartOf":{"@id":"https:\/\/bcrockdrill.com\/tr\/#website"},"primaryImageOfPage":{"@id":"https:\/\/bcrockdrill.com\/tr\/e-commerce\/sanzuman-ic-kaplini-komple\/#primaryimage"},"image":{"@id":"https:\/\/bcrockdrill.com\/tr\/e-commerce\/sanzuman-ic-kaplini-komple\/#primaryimage"},"thumbnailUrl":"https:\/\/bcrockdrill.com\/tr\/wp-content\/uploads\/sites\/14\/2021\/09\/IMG_3049.png","datePublished":"2021-07-28T08:18:08+00:00","dateModified":"2024-03-12T07:21:31+00:00","description":"Delkom No : 110 900 147 Referans No : 550 697 03","breadcrumb":{"@id":"https:\/\/bcrockdrill.com\/tr\/e-commerce\/sanzuman-ic-kaplini-komple\/#breadcrumb"},"inLanguage":"tr","potentialAction":[{"@type":"ReadAction","target":["https:\/\/bcrockdrill.com\/tr\/e-commerce\/sanzuman-ic-kaplini-komple\/"]}]},{"@type":"ImageObject","inLanguage":"tr","@id":"https:\/\/bcrockdrill.com\/tr\/e-commerce\/sanzuman-ic-kaplini-komple\/#primaryimage","url":"https:\/\/bcrockdrill.com\/tr\/wp-content\/uploads\/sites\/14\/2021\/09\/IMG_3049.png","contentUrl":"https:\/\/bcrockdrill.com\/tr\/wp-content\/uploads\/sites\/14\/2021\/09\/IMG_3049.png","width":600,"height":400},{"@type":"BreadcrumbList","@id":"https:\/\/bcrockdrill.com\/tr\/e-commerce\/sanzuman-ic-kaplini-komple\/#breadcrumb","itemListElement":[{"@type":"ListItem","position":1,"name":"Ana Sayfa","item":"https:\/\/bcrockdrill.com\/tr\/"},{"@type":"ListItem","position":2,"name":"E-Ticaret","item":"https:\/\/bcrockdrill.com\/tr\/e-commerce\/"},{"@type":"ListItem","position":3,"name":"\u015eanzuman \u0130\u00e7 Kaplini Komple"}]},{"@type":"WebSite","@id":"https:\/\/bcrockdrill.com\/tr\/#website","url":"https:\/\/bcrockdrill.com\/tr\/","name":"BC Delici Makine Yedek Par\u00e7a \u00dcreticisi","description":"Delici Tabanca ve Makine Yedek Par\u00e7alar\u0131","publisher":{"@id":"https:\/\/bcrockdrill.com\/tr\/#organization"},"potentialAction":[{"@type":"SearchAction","target":{"@type":"EntryPoint","urlTemplate":"https:\/\/bcrockdrill.com\/tr\/?s={search_term_string}"},"query-input":{"@type":"PropertyValueSpecification","valueRequired":true,"valueName":"search_term_string"}}],"inLanguage":"tr"},{"@type":"Organization","@id":"https:\/\/bcrockdrill.com\/tr\/#organization","name":"Delkom Rock Drill","url":"https:\/\/bcrockdrill.com\/tr\/","logo":{"@type":"ImageObject","inLanguage":"tr","@id":"https:\/\/bcrockdrill.com\/tr\/#\/schema\/logo\/image\/","url":"https:\/\/bcrockdrill.com\/tr\/wp-content\/uploads\/sites\/14\/2021\/06\/logo-white-1.png","contentUrl":"https:\/\/bcrockdrill.com\/tr\/wp-content\/uploads\/sites\/14\/2021\/06\/logo-white-1.png","width":300,"height":74,"caption":"Delkom Rock Drill"},"image":{"@id":"https:\/\/bcrockdrill.com\/tr\/#\/schema\/logo\/image\/"}}]}},"acf":[],"_links":{"self":[{"href":"https:\/\/bcrockdrill.com\/tr\/wp-json\/wp\/v2\/product\/10189","targetHints":{"allow":["GET"]}}],"collection":[{"href":"https:\/\/bcrockdrill.com\/tr\/wp-json\/wp\/v2\/product"}],"about":[{"href":"https:\/\/bcrockdrill.com\/tr\/wp-json\/wp\/v2\/types\/product"}],"wp:featuredmedia":[{"embeddable":true,"href":"https:\/\/bcrockdrill.com\/tr\/wp-json\/wp\/v2\/media\/59309"}],"wp:attachment":[{"href":"https:\/\/bcrockdrill.com\/tr\/wp-json\/wp\/v2\/media?parent=10189"}],"wp:term":[{"taxonomy":"product_brand","embeddable":true,"href":"https:\/\/bcrockdrill.com\/tr\/wp-json\/wp\/v2\/product_brand?post=10189"},{"taxonomy":"product_cat","embeddable":true,"href":"https:\/\/bcrockdrill.com\/tr\/wp-json\/wp\/v2\/product_cat?post=10189"},{"taxonomy":"product_tag","embeddable":true,"href":"https:\/\/bcrockdrill.com\/tr\/wp-json\/wp\/v2\/product_tag?post=10189"}],"curies":[{"name":"wp","href":"https:\/\/api.w.org\/{rel}","templated":true}]}}