{"id":10754,"date":"2021-08-26T15:22:16","date_gmt":"2021-08-26T12:22:16","guid":{"rendered":"https:\/\/bcrockdrill.com\/tr\/?post_type=product&#038;p=10754"},"modified":"2021-09-21T14:30:29","modified_gmt":"2021-09-21T11:30:29","slug":"yh35ug","status":"publish","type":"product","link":"https:\/\/bcrockdrill.com\/tr\/e-commerce\/yh35ug\/","title":{"rendered":"YH35UG"},"content":{"rendered":"","protected":false},"excerpt":{"rendered":"<p>Delkom No : 140 101 598<br \/>\nEpiroc No : Hidrolik Tabanca<\/p>\n","protected":false},"featured_media":59803,"template":"","meta":[],"product_brand":[],"product_cat":[2760,2759],"product_tag":[],"class_list":{"0":"post-10754","1":"product","2":"type-product","3":"status-publish","4":"has-post-thumbnail","6":"product_cat-epiroc-kaya-delici-tabancalar","7":"product_cat-kaya-delici-tabancalar","9":"first","10":"instock","11":"shipping-taxable","12":"purchasable","13":"product-type-simple"},"yoast_head":"<!-- This site is optimized with the Yoast SEO plugin v27.3 - https:\/\/yoast.com\/product\/yoast-seo-wordpress\/ -->\n<title>YH35UG EPIROC, Kaya Delici Tabancalar<\/title>\n<meta name=\"description\" content=\"Delkom No : 140 101 598 Epiroc No : Hidrolik Tabanca\" \/>\n<meta name=\"robots\" content=\"index, follow, max-snippet:-1, max-image-preview:large, max-video-preview:-1\" \/>\n<link rel=\"canonical\" href=\"https:\/\/bcrockdrill.com\/tr\/e-commerce\/yh35ug\/\" \/>\n<meta property=\"og:locale\" content=\"tr_TR\" \/>\n<meta property=\"og:type\" content=\"article\" \/>\n<meta property=\"og:title\" content=\"YH35UG EPIROC, Kaya Delici Tabancalar\" \/>\n<meta property=\"og:description\" content=\"Delkom No : 140 101 598 Epiroc No : Hidrolik Tabanca\" \/>\n<meta property=\"og:url\" content=\"https:\/\/bcrockdrill.com\/tr\/e-commerce\/yh35ug\/\" \/>\n<meta property=\"og:site_name\" content=\"BC Delici Makine Yedek Par\u00e7a \u00dcreticisi\" \/>\n<meta property=\"article:modified_time\" content=\"2021-09-21T11:30:29+00:00\" \/>\n<meta property=\"og:image\" content=\"https:\/\/bcrockdrill.com\/tr\/wp-content\/uploads\/sites\/14\/2021\/09\/INGERSOLL-RAND-YH35UG.png\" \/>\n\t<meta property=\"og:image:width\" content=\"600\" \/>\n\t<meta property=\"og:image:height\" content=\"400\" \/>\n\t<meta property=\"og:image:type\" content=\"image\/png\" \/>\n<meta name=\"twitter:card\" content=\"summary_large_image\" \/>\n<script type=\"application\/ld+json\" class=\"yoast-schema-graph\">{\"@context\":\"https:\\\/\\\/schema.org\",\"@graph\":[{\"@type\":\"WebPage\",\"@id\":\"https:\\\/\\\/bcrockdrill.com\\\/tr\\\/e-commerce\\\/yh35ug\\\/\",\"url\":\"https:\\\/\\\/bcrockdrill.com\\\/tr\\\/e-commerce\\\/yh35ug\\\/\",\"name\":\"YH35UG EPIROC, Kaya Delici Tabancalar\",\"isPartOf\":{\"@id\":\"https:\\\/\\\/bcrockdrill.com\\\/tr\\\/#website\"},\"primaryImageOfPage\":{\"@id\":\"https:\\\/\\\/bcrockdrill.com\\\/tr\\\/e-commerce\\\/yh35ug\\\/#primaryimage\"},\"image\":{\"@id\":\"https:\\\/\\\/bcrockdrill.com\\\/tr\\\/e-commerce\\\/yh35ug\\\/#primaryimage\"},\"thumbnailUrl\":\"https:\\\/\\\/bcrockdrill.com\\\/tr\\\/wp-content\\\/uploads\\\/sites\\\/14\\\/2021\\\/09\\\/INGERSOLL-RAND-YH35UG.png\",\"datePublished\":\"2021-08-26T12:22:16+00:00\",\"dateModified\":\"2021-09-21T11:30:29+00:00\",\"description\":\"Delkom No : 140 101 598 Epiroc No : Hidrolik Tabanca\",\"breadcrumb\":{\"@id\":\"https:\\\/\\\/bcrockdrill.com\\\/tr\\\/e-commerce\\\/yh35ug\\\/#breadcrumb\"},\"inLanguage\":\"tr\",\"potentialAction\":[{\"@type\":\"ReadAction\",\"target\":[\"https:\\\/\\\/bcrockdrill.com\\\/tr\\\/e-commerce\\\/yh35ug\\\/\"]}]},{\"@type\":\"ImageObject\",\"inLanguage\":\"tr\",\"@id\":\"https:\\\/\\\/bcrockdrill.com\\\/tr\\\/e-commerce\\\/yh35ug\\\/#primaryimage\",\"url\":\"https:\\\/\\\/bcrockdrill.com\\\/tr\\\/wp-content\\\/uploads\\\/sites\\\/14\\\/2021\\\/09\\\/INGERSOLL-RAND-YH35UG.png\",\"contentUrl\":\"https:\\\/\\\/bcrockdrill.com\\\/tr\\\/wp-content\\\/uploads\\\/sites\\\/14\\\/2021\\\/09\\\/INGERSOLL-RAND-YH35UG.png\",\"width\":600,\"height\":400},{\"@type\":\"BreadcrumbList\",\"@id\":\"https:\\\/\\\/bcrockdrill.com\\\/tr\\\/e-commerce\\\/yh35ug\\\/#breadcrumb\",\"itemListElement\":[{\"@type\":\"ListItem\",\"position\":1,\"name\":\"Ana Sayfa\",\"item\":\"https:\\\/\\\/bcrockdrill.com\\\/tr\\\/\"},{\"@type\":\"ListItem\",\"position\":2,\"name\":\"E-Ticaret\",\"item\":\"https:\\\/\\\/bcrockdrill.com\\\/tr\\\/e-commerce\\\/\"},{\"@type\":\"ListItem\",\"position\":3,\"name\":\"YH35UG\"}]},{\"@type\":\"WebSite\",\"@id\":\"https:\\\/\\\/bcrockdrill.com\\\/tr\\\/#website\",\"url\":\"https:\\\/\\\/bcrockdrill.com\\\/tr\\\/\",\"name\":\"BC Delici Makine Yedek Par\u00e7a \u00dcreticisi\",\"description\":\"Delici Tabanca ve Makine Yedek Par\u00e7alar\u0131\",\"publisher\":{\"@id\":\"https:\\\/\\\/bcrockdrill.com\\\/tr\\\/#organization\"},\"potentialAction\":[{\"@type\":\"SearchAction\",\"target\":{\"@type\":\"EntryPoint\",\"urlTemplate\":\"https:\\\/\\\/bcrockdrill.com\\\/tr\\\/?s={search_term_string}\"},\"query-input\":{\"@type\":\"PropertyValueSpecification\",\"valueRequired\":true,\"valueName\":\"search_term_string\"}}],\"inLanguage\":\"tr\"},{\"@type\":\"Organization\",\"@id\":\"https:\\\/\\\/bcrockdrill.com\\\/tr\\\/#organization\",\"name\":\"Delkom Rock Drill\",\"url\":\"https:\\\/\\\/bcrockdrill.com\\\/tr\\\/\",\"logo\":{\"@type\":\"ImageObject\",\"inLanguage\":\"tr\",\"@id\":\"https:\\\/\\\/bcrockdrill.com\\\/tr\\\/#\\\/schema\\\/logo\\\/image\\\/\",\"url\":\"https:\\\/\\\/bcrockdrill.com\\\/tr\\\/wp-content\\\/uploads\\\/sites\\\/14\\\/2021\\\/06\\\/logo-white-1.png\",\"contentUrl\":\"https:\\\/\\\/bcrockdrill.com\\\/tr\\\/wp-content\\\/uploads\\\/sites\\\/14\\\/2021\\\/06\\\/logo-white-1.png\",\"width\":300,\"height\":74,\"caption\":\"Delkom Rock Drill\"},\"image\":{\"@id\":\"https:\\\/\\\/bcrockdrill.com\\\/tr\\\/#\\\/schema\\\/logo\\\/image\\\/\"}}]}<\/script>\n<!-- \/ Yoast SEO plugin. -->","yoast_head_json":{"title":"YH35UG EPIROC, Kaya Delici Tabancalar","description":"Delkom No : 140 101 598 Epiroc No : Hidrolik Tabanca","robots":{"index":"index","follow":"follow","max-snippet":"max-snippet:-1","max-image-preview":"max-image-preview:large","max-video-preview":"max-video-preview:-1"},"canonical":"https:\/\/bcrockdrill.com\/tr\/e-commerce\/yh35ug\/","og_locale":"tr_TR","og_type":"article","og_title":"YH35UG EPIROC, Kaya Delici Tabancalar","og_description":"Delkom No : 140 101 598 Epiroc No : Hidrolik Tabanca","og_url":"https:\/\/bcrockdrill.com\/tr\/e-commerce\/yh35ug\/","og_site_name":"BC Delici Makine Yedek Par\u00e7a \u00dcreticisi","article_modified_time":"2021-09-21T11:30:29+00:00","og_image":[{"width":600,"height":400,"url":"https:\/\/bcrockdrill.com\/tr\/wp-content\/uploads\/sites\/14\/2021\/09\/INGERSOLL-RAND-YH35UG.png","type":"image\/png"}],"twitter_card":"summary_large_image","schema":{"@context":"https:\/\/schema.org","@graph":[{"@type":"WebPage","@id":"https:\/\/bcrockdrill.com\/tr\/e-commerce\/yh35ug\/","url":"https:\/\/bcrockdrill.com\/tr\/e-commerce\/yh35ug\/","name":"YH35UG EPIROC, Kaya Delici Tabancalar","isPartOf":{"@id":"https:\/\/bcrockdrill.com\/tr\/#website"},"primaryImageOfPage":{"@id":"https:\/\/bcrockdrill.com\/tr\/e-commerce\/yh35ug\/#primaryimage"},"image":{"@id":"https:\/\/bcrockdrill.com\/tr\/e-commerce\/yh35ug\/#primaryimage"},"thumbnailUrl":"https:\/\/bcrockdrill.com\/tr\/wp-content\/uploads\/sites\/14\/2021\/09\/INGERSOLL-RAND-YH35UG.png","datePublished":"2021-08-26T12:22:16+00:00","dateModified":"2021-09-21T11:30:29+00:00","description":"Delkom No : 140 101 598 Epiroc No : Hidrolik Tabanca","breadcrumb":{"@id":"https:\/\/bcrockdrill.com\/tr\/e-commerce\/yh35ug\/#breadcrumb"},"inLanguage":"tr","potentialAction":[{"@type":"ReadAction","target":["https:\/\/bcrockdrill.com\/tr\/e-commerce\/yh35ug\/"]}]},{"@type":"ImageObject","inLanguage":"tr","@id":"https:\/\/bcrockdrill.com\/tr\/e-commerce\/yh35ug\/#primaryimage","url":"https:\/\/bcrockdrill.com\/tr\/wp-content\/uploads\/sites\/14\/2021\/09\/INGERSOLL-RAND-YH35UG.png","contentUrl":"https:\/\/bcrockdrill.com\/tr\/wp-content\/uploads\/sites\/14\/2021\/09\/INGERSOLL-RAND-YH35UG.png","width":600,"height":400},{"@type":"BreadcrumbList","@id":"https:\/\/bcrockdrill.com\/tr\/e-commerce\/yh35ug\/#breadcrumb","itemListElement":[{"@type":"ListItem","position":1,"name":"Ana Sayfa","item":"https:\/\/bcrockdrill.com\/tr\/"},{"@type":"ListItem","position":2,"name":"E-Ticaret","item":"https:\/\/bcrockdrill.com\/tr\/e-commerce\/"},{"@type":"ListItem","position":3,"name":"YH35UG"}]},{"@type":"WebSite","@id":"https:\/\/bcrockdrill.com\/tr\/#website","url":"https:\/\/bcrockdrill.com\/tr\/","name":"BC Delici Makine Yedek Par\u00e7a \u00dcreticisi","description":"Delici Tabanca ve Makine Yedek Par\u00e7alar\u0131","publisher":{"@id":"https:\/\/bcrockdrill.com\/tr\/#organization"},"potentialAction":[{"@type":"SearchAction","target":{"@type":"EntryPoint","urlTemplate":"https:\/\/bcrockdrill.com\/tr\/?s={search_term_string}"},"query-input":{"@type":"PropertyValueSpecification","valueRequired":true,"valueName":"search_term_string"}}],"inLanguage":"tr"},{"@type":"Organization","@id":"https:\/\/bcrockdrill.com\/tr\/#organization","name":"Delkom Rock Drill","url":"https:\/\/bcrockdrill.com\/tr\/","logo":{"@type":"ImageObject","inLanguage":"tr","@id":"https:\/\/bcrockdrill.com\/tr\/#\/schema\/logo\/image\/","url":"https:\/\/bcrockdrill.com\/tr\/wp-content\/uploads\/sites\/14\/2021\/06\/logo-white-1.png","contentUrl":"https:\/\/bcrockdrill.com\/tr\/wp-content\/uploads\/sites\/14\/2021\/06\/logo-white-1.png","width":300,"height":74,"caption":"Delkom Rock Drill"},"image":{"@id":"https:\/\/bcrockdrill.com\/tr\/#\/schema\/logo\/image\/"}}]}},"acf":[],"_links":{"self":[{"href":"https:\/\/bcrockdrill.com\/tr\/wp-json\/wp\/v2\/product\/10754","targetHints":{"allow":["GET"]}}],"collection":[{"href":"https:\/\/bcrockdrill.com\/tr\/wp-json\/wp\/v2\/product"}],"about":[{"href":"https:\/\/bcrockdrill.com\/tr\/wp-json\/wp\/v2\/types\/product"}],"wp:featuredmedia":[{"embeddable":true,"href":"https:\/\/bcrockdrill.com\/tr\/wp-json\/wp\/v2\/media\/59803"}],"wp:attachment":[{"href":"https:\/\/bcrockdrill.com\/tr\/wp-json\/wp\/v2\/media?parent=10754"}],"wp:term":[{"taxonomy":"product_brand","embeddable":true,"href":"https:\/\/bcrockdrill.com\/tr\/wp-json\/wp\/v2\/product_brand?post=10754"},{"taxonomy":"product_cat","embeddable":true,"href":"https:\/\/bcrockdrill.com\/tr\/wp-json\/wp\/v2\/product_cat?post=10754"},{"taxonomy":"product_tag","embeddable":true,"href":"https:\/\/bcrockdrill.com\/tr\/wp-json\/wp\/v2\/product_tag?post=10754"}],"curies":[{"name":"wp","href":"https:\/\/api.w.org\/{rel}","templated":true}]}}