{"id":5522,"date":"2020-11-06T13:37:55","date_gmt":"2020-11-06T10:37:55","guid":{"rendered":"https:\/\/bcrockdrill.com\/tr\/?post_type=product&#038;p=5522"},"modified":"2021-09-13T11:24:57","modified_gmt":"2021-09-13T08:24:57","slug":"darbe-valf-kapagi-sol-4","status":"publish","type":"product","link":"https:\/\/bcrockdrill.com\/tr\/e-commerce\/darbe-valf-kapagi-sol-4\/","title":{"rendered":"Darbe Valf Kapa\u011f\u0131 Sol"},"content":{"rendered":"","protected":false},"excerpt":{"rendered":"<p>Delkom No : 150 100 003<br \/>\nEverdigm No : D-44035400<\/p>\n","protected":false},"featured_media":58298,"template":"","meta":[],"product_brand":[],"product_cat":[1787,1778],"product_tag":[2395,2398],"class_list":{"0":"post-5522","1":"product","2":"type-product","3":"status-publish","4":"has-post-thumbnail","6":"product_cat-everdigm","7":"product_cat-hidrolik-tabanca-parcalari","8":"product_tag-everdigm-ed100","9":"product_tag-everdigm-ed150","10":"product_shipping_class-1-2-hafta","12":"first","13":"instock","14":"shipping-taxable","15":"purchasable","16":"product-type-simple"},"yoast_head":"<!-- This site is optimized with the Yoast SEO plugin v27.3 - https:\/\/yoast.com\/product\/yoast-seo-wordpress\/ -->\n<title>Darbe Valf Kapa\u011f\u0131 Sol EVERDIGM, Hidrolik Tabanca Par\u00e7alar\u0131<\/title>\n<meta name=\"description\" content=\"Delkom No : 150 100 003 Everdigm No : D-44035400\" \/>\n<meta name=\"robots\" content=\"index, follow, max-snippet:-1, max-image-preview:large, max-video-preview:-1\" \/>\n<link rel=\"canonical\" href=\"https:\/\/bcrockdrill.com\/tr\/e-commerce\/darbe-valf-kapagi-sol-4\/\" \/>\n<meta property=\"og:locale\" content=\"tr_TR\" \/>\n<meta property=\"og:type\" content=\"article\" \/>\n<meta property=\"og:title\" content=\"Darbe Valf Kapa\u011f\u0131 Sol EVERDIGM, Hidrolik Tabanca Par\u00e7alar\u0131\" \/>\n<meta property=\"og:description\" content=\"Delkom No : 150 100 003 Everdigm No : D-44035400\" \/>\n<meta property=\"og:url\" content=\"https:\/\/bcrockdrill.com\/tr\/e-commerce\/darbe-valf-kapagi-sol-4\/\" \/>\n<meta property=\"og:site_name\" content=\"BC Delici Makine Yedek Par\u00e7a \u00dcreticisi\" \/>\n<meta property=\"article:modified_time\" content=\"2021-09-13T08:24:57+00:00\" \/>\n<meta property=\"og:image\" content=\"https:\/\/bcrockdrill.com\/tr\/wp-content\/uploads\/sites\/14\/2021\/09\/IMG_1275-EVERDIGM.png\" \/>\n\t<meta property=\"og:image:width\" content=\"600\" \/>\n\t<meta property=\"og:image:height\" content=\"400\" \/>\n\t<meta property=\"og:image:type\" content=\"image\/png\" \/>\n<meta name=\"twitter:card\" content=\"summary_large_image\" \/>\n<script type=\"application\/ld+json\" class=\"yoast-schema-graph\">{\"@context\":\"https:\\\/\\\/schema.org\",\"@graph\":[{\"@type\":\"WebPage\",\"@id\":\"https:\\\/\\\/bcrockdrill.com\\\/tr\\\/e-commerce\\\/darbe-valf-kapagi-sol-4\\\/\",\"url\":\"https:\\\/\\\/bcrockdrill.com\\\/tr\\\/e-commerce\\\/darbe-valf-kapagi-sol-4\\\/\",\"name\":\"Darbe Valf Kapa\u011f\u0131 Sol EVERDIGM, Hidrolik Tabanca Par\u00e7alar\u0131\",\"isPartOf\":{\"@id\":\"https:\\\/\\\/bcrockdrill.com\\\/tr\\\/#website\"},\"primaryImageOfPage\":{\"@id\":\"https:\\\/\\\/bcrockdrill.com\\\/tr\\\/e-commerce\\\/darbe-valf-kapagi-sol-4\\\/#primaryimage\"},\"image\":{\"@id\":\"https:\\\/\\\/bcrockdrill.com\\\/tr\\\/e-commerce\\\/darbe-valf-kapagi-sol-4\\\/#primaryimage\"},\"thumbnailUrl\":\"https:\\\/\\\/bcrockdrill.com\\\/tr\\\/wp-content\\\/uploads\\\/sites\\\/14\\\/2021\\\/09\\\/IMG_1275-EVERDIGM.png\",\"datePublished\":\"2020-11-06T10:37:55+00:00\",\"dateModified\":\"2021-09-13T08:24:57+00:00\",\"description\":\"Delkom No : 150 100 003 Everdigm No : D-44035400\",\"breadcrumb\":{\"@id\":\"https:\\\/\\\/bcrockdrill.com\\\/tr\\\/e-commerce\\\/darbe-valf-kapagi-sol-4\\\/#breadcrumb\"},\"inLanguage\":\"tr\",\"potentialAction\":[{\"@type\":\"ReadAction\",\"target\":[\"https:\\\/\\\/bcrockdrill.com\\\/tr\\\/e-commerce\\\/darbe-valf-kapagi-sol-4\\\/\"]}]},{\"@type\":\"ImageObject\",\"inLanguage\":\"tr\",\"@id\":\"https:\\\/\\\/bcrockdrill.com\\\/tr\\\/e-commerce\\\/darbe-valf-kapagi-sol-4\\\/#primaryimage\",\"url\":\"https:\\\/\\\/bcrockdrill.com\\\/tr\\\/wp-content\\\/uploads\\\/sites\\\/14\\\/2021\\\/09\\\/IMG_1275-EVERDIGM.png\",\"contentUrl\":\"https:\\\/\\\/bcrockdrill.com\\\/tr\\\/wp-content\\\/uploads\\\/sites\\\/14\\\/2021\\\/09\\\/IMG_1275-EVERDIGM.png\",\"width\":600,\"height\":400},{\"@type\":\"BreadcrumbList\",\"@id\":\"https:\\\/\\\/bcrockdrill.com\\\/tr\\\/e-commerce\\\/darbe-valf-kapagi-sol-4\\\/#breadcrumb\",\"itemListElement\":[{\"@type\":\"ListItem\",\"position\":1,\"name\":\"Ana Sayfa\",\"item\":\"https:\\\/\\\/bcrockdrill.com\\\/tr\\\/\"},{\"@type\":\"ListItem\",\"position\":2,\"name\":\"E-Ticaret\",\"item\":\"https:\\\/\\\/bcrockdrill.com\\\/tr\\\/e-commerce\\\/\"},{\"@type\":\"ListItem\",\"position\":3,\"name\":\"Darbe Valf Kapa\u011f\u0131 Sol\"}]},{\"@type\":\"WebSite\",\"@id\":\"https:\\\/\\\/bcrockdrill.com\\\/tr\\\/#website\",\"url\":\"https:\\\/\\\/bcrockdrill.com\\\/tr\\\/\",\"name\":\"BC Delici Makine Yedek Par\u00e7a \u00dcreticisi\",\"description\":\"Delici Tabanca ve Makine Yedek Par\u00e7alar\u0131\",\"publisher\":{\"@id\":\"https:\\\/\\\/bcrockdrill.com\\\/tr\\\/#organization\"},\"potentialAction\":[{\"@type\":\"SearchAction\",\"target\":{\"@type\":\"EntryPoint\",\"urlTemplate\":\"https:\\\/\\\/bcrockdrill.com\\\/tr\\\/?s={search_term_string}\"},\"query-input\":{\"@type\":\"PropertyValueSpecification\",\"valueRequired\":true,\"valueName\":\"search_term_string\"}}],\"inLanguage\":\"tr\"},{\"@type\":\"Organization\",\"@id\":\"https:\\\/\\\/bcrockdrill.com\\\/tr\\\/#organization\",\"name\":\"Delkom Rock Drill\",\"url\":\"https:\\\/\\\/bcrockdrill.com\\\/tr\\\/\",\"logo\":{\"@type\":\"ImageObject\",\"inLanguage\":\"tr\",\"@id\":\"https:\\\/\\\/bcrockdrill.com\\\/tr\\\/#\\\/schema\\\/logo\\\/image\\\/\",\"url\":\"https:\\\/\\\/bcrockdrill.com\\\/tr\\\/wp-content\\\/uploads\\\/sites\\\/14\\\/2021\\\/06\\\/logo-white-1.png\",\"contentUrl\":\"https:\\\/\\\/bcrockdrill.com\\\/tr\\\/wp-content\\\/uploads\\\/sites\\\/14\\\/2021\\\/06\\\/logo-white-1.png\",\"width\":300,\"height\":74,\"caption\":\"Delkom Rock Drill\"},\"image\":{\"@id\":\"https:\\\/\\\/bcrockdrill.com\\\/tr\\\/#\\\/schema\\\/logo\\\/image\\\/\"}}]}<\/script>\n<!-- \/ Yoast SEO plugin. -->","yoast_head_json":{"title":"Darbe Valf Kapa\u011f\u0131 Sol EVERDIGM, Hidrolik Tabanca Par\u00e7alar\u0131","description":"Delkom No : 150 100 003 Everdigm No : D-44035400","robots":{"index":"index","follow":"follow","max-snippet":"max-snippet:-1","max-image-preview":"max-image-preview:large","max-video-preview":"max-video-preview:-1"},"canonical":"https:\/\/bcrockdrill.com\/tr\/e-commerce\/darbe-valf-kapagi-sol-4\/","og_locale":"tr_TR","og_type":"article","og_title":"Darbe Valf Kapa\u011f\u0131 Sol EVERDIGM, Hidrolik Tabanca Par\u00e7alar\u0131","og_description":"Delkom No : 150 100 003 Everdigm No : D-44035400","og_url":"https:\/\/bcrockdrill.com\/tr\/e-commerce\/darbe-valf-kapagi-sol-4\/","og_site_name":"BC Delici Makine Yedek Par\u00e7a \u00dcreticisi","article_modified_time":"2021-09-13T08:24:57+00:00","og_image":[{"width":600,"height":400,"url":"https:\/\/bcrockdrill.com\/tr\/wp-content\/uploads\/sites\/14\/2021\/09\/IMG_1275-EVERDIGM.png","type":"image\/png"}],"twitter_card":"summary_large_image","schema":{"@context":"https:\/\/schema.org","@graph":[{"@type":"WebPage","@id":"https:\/\/bcrockdrill.com\/tr\/e-commerce\/darbe-valf-kapagi-sol-4\/","url":"https:\/\/bcrockdrill.com\/tr\/e-commerce\/darbe-valf-kapagi-sol-4\/","name":"Darbe Valf Kapa\u011f\u0131 Sol EVERDIGM, Hidrolik Tabanca Par\u00e7alar\u0131","isPartOf":{"@id":"https:\/\/bcrockdrill.com\/tr\/#website"},"primaryImageOfPage":{"@id":"https:\/\/bcrockdrill.com\/tr\/e-commerce\/darbe-valf-kapagi-sol-4\/#primaryimage"},"image":{"@id":"https:\/\/bcrockdrill.com\/tr\/e-commerce\/darbe-valf-kapagi-sol-4\/#primaryimage"},"thumbnailUrl":"https:\/\/bcrockdrill.com\/tr\/wp-content\/uploads\/sites\/14\/2021\/09\/IMG_1275-EVERDIGM.png","datePublished":"2020-11-06T10:37:55+00:00","dateModified":"2021-09-13T08:24:57+00:00","description":"Delkom No : 150 100 003 Everdigm No : D-44035400","breadcrumb":{"@id":"https:\/\/bcrockdrill.com\/tr\/e-commerce\/darbe-valf-kapagi-sol-4\/#breadcrumb"},"inLanguage":"tr","potentialAction":[{"@type":"ReadAction","target":["https:\/\/bcrockdrill.com\/tr\/e-commerce\/darbe-valf-kapagi-sol-4\/"]}]},{"@type":"ImageObject","inLanguage":"tr","@id":"https:\/\/bcrockdrill.com\/tr\/e-commerce\/darbe-valf-kapagi-sol-4\/#primaryimage","url":"https:\/\/bcrockdrill.com\/tr\/wp-content\/uploads\/sites\/14\/2021\/09\/IMG_1275-EVERDIGM.png","contentUrl":"https:\/\/bcrockdrill.com\/tr\/wp-content\/uploads\/sites\/14\/2021\/09\/IMG_1275-EVERDIGM.png","width":600,"height":400},{"@type":"BreadcrumbList","@id":"https:\/\/bcrockdrill.com\/tr\/e-commerce\/darbe-valf-kapagi-sol-4\/#breadcrumb","itemListElement":[{"@type":"ListItem","position":1,"name":"Ana Sayfa","item":"https:\/\/bcrockdrill.com\/tr\/"},{"@type":"ListItem","position":2,"name":"E-Ticaret","item":"https:\/\/bcrockdrill.com\/tr\/e-commerce\/"},{"@type":"ListItem","position":3,"name":"Darbe Valf Kapa\u011f\u0131 Sol"}]},{"@type":"WebSite","@id":"https:\/\/bcrockdrill.com\/tr\/#website","url":"https:\/\/bcrockdrill.com\/tr\/","name":"BC Delici Makine Yedek Par\u00e7a \u00dcreticisi","description":"Delici Tabanca ve Makine Yedek Par\u00e7alar\u0131","publisher":{"@id":"https:\/\/bcrockdrill.com\/tr\/#organization"},"potentialAction":[{"@type":"SearchAction","target":{"@type":"EntryPoint","urlTemplate":"https:\/\/bcrockdrill.com\/tr\/?s={search_term_string}"},"query-input":{"@type":"PropertyValueSpecification","valueRequired":true,"valueName":"search_term_string"}}],"inLanguage":"tr"},{"@type":"Organization","@id":"https:\/\/bcrockdrill.com\/tr\/#organization","name":"Delkom Rock Drill","url":"https:\/\/bcrockdrill.com\/tr\/","logo":{"@type":"ImageObject","inLanguage":"tr","@id":"https:\/\/bcrockdrill.com\/tr\/#\/schema\/logo\/image\/","url":"https:\/\/bcrockdrill.com\/tr\/wp-content\/uploads\/sites\/14\/2021\/06\/logo-white-1.png","contentUrl":"https:\/\/bcrockdrill.com\/tr\/wp-content\/uploads\/sites\/14\/2021\/06\/logo-white-1.png","width":300,"height":74,"caption":"Delkom Rock Drill"},"image":{"@id":"https:\/\/bcrockdrill.com\/tr\/#\/schema\/logo\/image\/"}}]}},"acf":[],"_links":{"self":[{"href":"https:\/\/bcrockdrill.com\/tr\/wp-json\/wp\/v2\/product\/5522","targetHints":{"allow":["GET"]}}],"collection":[{"href":"https:\/\/bcrockdrill.com\/tr\/wp-json\/wp\/v2\/product"}],"about":[{"href":"https:\/\/bcrockdrill.com\/tr\/wp-json\/wp\/v2\/types\/product"}],"wp:featuredmedia":[{"embeddable":true,"href":"https:\/\/bcrockdrill.com\/tr\/wp-json\/wp\/v2\/media\/58298"}],"wp:attachment":[{"href":"https:\/\/bcrockdrill.com\/tr\/wp-json\/wp\/v2\/media?parent=5522"}],"wp:term":[{"taxonomy":"product_brand","embeddable":true,"href":"https:\/\/bcrockdrill.com\/tr\/wp-json\/wp\/v2\/product_brand?post=5522"},{"taxonomy":"product_cat","embeddable":true,"href":"https:\/\/bcrockdrill.com\/tr\/wp-json\/wp\/v2\/product_cat?post=5522"},{"taxonomy":"product_tag","embeddable":true,"href":"https:\/\/bcrockdrill.com\/tr\/wp-json\/wp\/v2\/product_tag?post=5522"}],"curies":[{"name":"wp","href":"https:\/\/api.w.org\/{rel}","templated":true}]}}