{"id":61280,"date":"2022-10-31T11:20:33","date_gmt":"2022-10-31T08:20:33","guid":{"rendered":"https:\/\/bcrockdrill.com\/tr\/?post_type=product&#038;p=61280"},"modified":"2022-10-31T11:20:34","modified_gmt":"2022-10-31T08:20:34","slug":"hava-filtre-hortumu-4","status":"publish","type":"product","link":"https:\/\/bcrockdrill.com\/tr\/e-commerce\/hava-filtre-hortumu-4\/","title":{"rendered":"Hava Filtre Hortumu"},"content":{"rendered":"","protected":false},"excerpt":{"rendered":"<p>Delkom No : 121 000 455<br \/>\nEpiroc No : 5112 3231 96<\/p>\n","protected":false},"featured_media":61281,"template":"","meta":[],"product_brand":[],"product_cat":[1770,1769],"product_tag":[2578,2785,1917,1918,2816,2445,2793,2823,2813,2824,2811,2786,2787,2812,2783,2784,2448,1919],"class_list":{"0":"post-61280","1":"product","2":"type-product","3":"status-publish","4":"has-post-thumbnail","6":"product_cat-epiroc","7":"product_cat-makina-yedek-parcalari","8":"product_tag-epiroc-flexiroc-d60","9":"product_tag-epiroc-flexiroc-d65","10":"product_tag-epiroc-flexiroc-t35","11":"product_tag-epiroc-flexiroc-t40","12":"product_tag-epiroc-roc-d7-11","13":"product_tag-epiroc-roc-d9c-11","14":"product_tag-epiroc-roc-f6","15":"product_tag-epiroc-roc-f7-11","16":"product_tag-epiroc-roc-f7-cr","17":"product_tag-epiroc-roc-f9-11th","18":"product_tag-epiroc-roc-f9-cr","19":"product_tag-epiroc-roc-l6-25","20":"product_tag-epiroc-roc-l6-30","21":"product_tag-epiroc-roc-l6-h","22":"product_tag-epiroc-roc-l8-25","23":"product_tag-epiroc-roc-l8-30","24":"product_tag-epiroc-smartroc-t35","25":"product_tag-epiroc-smartroc-t40","27":"first","28":"instock","29":"shipping-taxable","30":"purchasable","31":"product-type-simple"},"yoast_head":"<!-- This site is optimized with the Yoast SEO plugin v27.3 - https:\/\/yoast.com\/product\/yoast-seo-wordpress\/ -->\n<title>Hava Filtre Hortumu EPIROC, Makina Yedek Par\u00e7alar\u0131<\/title>\n<meta name=\"description\" content=\"Delkom No : 121 000 455 Epiroc No : 5112 3231 96\" \/>\n<meta name=\"robots\" content=\"index, follow, max-snippet:-1, max-image-preview:large, max-video-preview:-1\" \/>\n<link rel=\"canonical\" href=\"https:\/\/bcrockdrill.com\/tr\/e-commerce\/hava-filtre-hortumu-4\/\" \/>\n<meta property=\"og:locale\" content=\"tr_TR\" \/>\n<meta property=\"og:type\" content=\"article\" \/>\n<meta property=\"og:title\" content=\"Hava Filtre Hortumu EPIROC, Makina Yedek Par\u00e7alar\u0131\" \/>\n<meta property=\"og:description\" content=\"Delkom No : 121 000 455 Epiroc No : 5112 3231 96\" \/>\n<meta property=\"og:url\" content=\"https:\/\/bcrockdrill.com\/tr\/e-commerce\/hava-filtre-hortumu-4\/\" \/>\n<meta property=\"og:site_name\" content=\"BC Delici Makine Yedek Par\u00e7a \u00dcreticisi\" \/>\n<meta property=\"article:modified_time\" content=\"2022-10-31T08:20:34+00:00\" \/>\n<meta property=\"og:image\" content=\"https:\/\/bcrockdrill.com\/tr\/wp-content\/uploads\/sites\/14\/2022\/10\/121-000-455_kapak.jpg\" \/>\n\t<meta property=\"og:image:width\" content=\"600\" \/>\n\t<meta property=\"og:image:height\" content=\"400\" \/>\n\t<meta property=\"og:image:type\" content=\"image\/jpeg\" \/>\n<meta name=\"twitter:card\" content=\"summary_large_image\" \/>\n<script type=\"application\/ld+json\" class=\"yoast-schema-graph\">{\"@context\":\"https:\\\/\\\/schema.org\",\"@graph\":[{\"@type\":\"WebPage\",\"@id\":\"https:\\\/\\\/bcrockdrill.com\\\/tr\\\/e-commerce\\\/hava-filtre-hortumu-4\\\/\",\"url\":\"https:\\\/\\\/bcrockdrill.com\\\/tr\\\/e-commerce\\\/hava-filtre-hortumu-4\\\/\",\"name\":\"Hava Filtre Hortumu EPIROC, Makina Yedek Par\u00e7alar\u0131\",\"isPartOf\":{\"@id\":\"https:\\\/\\\/bcrockdrill.com\\\/tr\\\/#website\"},\"primaryImageOfPage\":{\"@id\":\"https:\\\/\\\/bcrockdrill.com\\\/tr\\\/e-commerce\\\/hava-filtre-hortumu-4\\\/#primaryimage\"},\"image\":{\"@id\":\"https:\\\/\\\/bcrockdrill.com\\\/tr\\\/e-commerce\\\/hava-filtre-hortumu-4\\\/#primaryimage\"},\"thumbnailUrl\":\"https:\\\/\\\/bcrockdrill.com\\\/tr\\\/wp-content\\\/uploads\\\/sites\\\/14\\\/2022\\\/10\\\/121-000-455_kapak.jpg\",\"datePublished\":\"2022-10-31T08:20:33+00:00\",\"dateModified\":\"2022-10-31T08:20:34+00:00\",\"description\":\"Delkom No : 121 000 455 Epiroc No : 5112 3231 96\",\"breadcrumb\":{\"@id\":\"https:\\\/\\\/bcrockdrill.com\\\/tr\\\/e-commerce\\\/hava-filtre-hortumu-4\\\/#breadcrumb\"},\"inLanguage\":\"tr\",\"potentialAction\":[{\"@type\":\"ReadAction\",\"target\":[\"https:\\\/\\\/bcrockdrill.com\\\/tr\\\/e-commerce\\\/hava-filtre-hortumu-4\\\/\"]}]},{\"@type\":\"ImageObject\",\"inLanguage\":\"tr\",\"@id\":\"https:\\\/\\\/bcrockdrill.com\\\/tr\\\/e-commerce\\\/hava-filtre-hortumu-4\\\/#primaryimage\",\"url\":\"https:\\\/\\\/bcrockdrill.com\\\/tr\\\/wp-content\\\/uploads\\\/sites\\\/14\\\/2022\\\/10\\\/121-000-455_kapak.jpg\",\"contentUrl\":\"https:\\\/\\\/bcrockdrill.com\\\/tr\\\/wp-content\\\/uploads\\\/sites\\\/14\\\/2022\\\/10\\\/121-000-455_kapak.jpg\",\"width\":600,\"height\":400},{\"@type\":\"BreadcrumbList\",\"@id\":\"https:\\\/\\\/bcrockdrill.com\\\/tr\\\/e-commerce\\\/hava-filtre-hortumu-4\\\/#breadcrumb\",\"itemListElement\":[{\"@type\":\"ListItem\",\"position\":1,\"name\":\"Ana Sayfa\",\"item\":\"https:\\\/\\\/bcrockdrill.com\\\/tr\\\/\"},{\"@type\":\"ListItem\",\"position\":2,\"name\":\"E-Ticaret\",\"item\":\"https:\\\/\\\/bcrockdrill.com\\\/tr\\\/e-commerce\\\/\"},{\"@type\":\"ListItem\",\"position\":3,\"name\":\"Hava Filtre Hortumu\"}]},{\"@type\":\"WebSite\",\"@id\":\"https:\\\/\\\/bcrockdrill.com\\\/tr\\\/#website\",\"url\":\"https:\\\/\\\/bcrockdrill.com\\\/tr\\\/\",\"name\":\"BC Delici Makine Yedek Par\u00e7a \u00dcreticisi\",\"description\":\"Delici Tabanca ve Makine Yedek Par\u00e7alar\u0131\",\"publisher\":{\"@id\":\"https:\\\/\\\/bcrockdrill.com\\\/tr\\\/#organization\"},\"potentialAction\":[{\"@type\":\"SearchAction\",\"target\":{\"@type\":\"EntryPoint\",\"urlTemplate\":\"https:\\\/\\\/bcrockdrill.com\\\/tr\\\/?s={search_term_string}\"},\"query-input\":{\"@type\":\"PropertyValueSpecification\",\"valueRequired\":true,\"valueName\":\"search_term_string\"}}],\"inLanguage\":\"tr\"},{\"@type\":\"Organization\",\"@id\":\"https:\\\/\\\/bcrockdrill.com\\\/tr\\\/#organization\",\"name\":\"Delkom Rock Drill\",\"url\":\"https:\\\/\\\/bcrockdrill.com\\\/tr\\\/\",\"logo\":{\"@type\":\"ImageObject\",\"inLanguage\":\"tr\",\"@id\":\"https:\\\/\\\/bcrockdrill.com\\\/tr\\\/#\\\/schema\\\/logo\\\/image\\\/\",\"url\":\"https:\\\/\\\/bcrockdrill.com\\\/tr\\\/wp-content\\\/uploads\\\/sites\\\/14\\\/2021\\\/06\\\/logo-white-1.png\",\"contentUrl\":\"https:\\\/\\\/bcrockdrill.com\\\/tr\\\/wp-content\\\/uploads\\\/sites\\\/14\\\/2021\\\/06\\\/logo-white-1.png\",\"width\":300,\"height\":74,\"caption\":\"Delkom Rock Drill\"},\"image\":{\"@id\":\"https:\\\/\\\/bcrockdrill.com\\\/tr\\\/#\\\/schema\\\/logo\\\/image\\\/\"}}]}<\/script>\n<!-- \/ Yoast SEO plugin. -->","yoast_head_json":{"title":"Hava Filtre Hortumu EPIROC, Makina Yedek Par\u00e7alar\u0131","description":"Delkom No : 121 000 455 Epiroc No : 5112 3231 96","robots":{"index":"index","follow":"follow","max-snippet":"max-snippet:-1","max-image-preview":"max-image-preview:large","max-video-preview":"max-video-preview:-1"},"canonical":"https:\/\/bcrockdrill.com\/tr\/e-commerce\/hava-filtre-hortumu-4\/","og_locale":"tr_TR","og_type":"article","og_title":"Hava Filtre Hortumu EPIROC, Makina Yedek Par\u00e7alar\u0131","og_description":"Delkom No : 121 000 455 Epiroc No : 5112 3231 96","og_url":"https:\/\/bcrockdrill.com\/tr\/e-commerce\/hava-filtre-hortumu-4\/","og_site_name":"BC Delici Makine Yedek Par\u00e7a \u00dcreticisi","article_modified_time":"2022-10-31T08:20:34+00:00","og_image":[{"width":600,"height":400,"url":"https:\/\/bcrockdrill.com\/tr\/wp-content\/uploads\/sites\/14\/2022\/10\/121-000-455_kapak.jpg","type":"image\/jpeg"}],"twitter_card":"summary_large_image","schema":{"@context":"https:\/\/schema.org","@graph":[{"@type":"WebPage","@id":"https:\/\/bcrockdrill.com\/tr\/e-commerce\/hava-filtre-hortumu-4\/","url":"https:\/\/bcrockdrill.com\/tr\/e-commerce\/hava-filtre-hortumu-4\/","name":"Hava Filtre Hortumu EPIROC, Makina Yedek Par\u00e7alar\u0131","isPartOf":{"@id":"https:\/\/bcrockdrill.com\/tr\/#website"},"primaryImageOfPage":{"@id":"https:\/\/bcrockdrill.com\/tr\/e-commerce\/hava-filtre-hortumu-4\/#primaryimage"},"image":{"@id":"https:\/\/bcrockdrill.com\/tr\/e-commerce\/hava-filtre-hortumu-4\/#primaryimage"},"thumbnailUrl":"https:\/\/bcrockdrill.com\/tr\/wp-content\/uploads\/sites\/14\/2022\/10\/121-000-455_kapak.jpg","datePublished":"2022-10-31T08:20:33+00:00","dateModified":"2022-10-31T08:20:34+00:00","description":"Delkom No : 121 000 455 Epiroc No : 5112 3231 96","breadcrumb":{"@id":"https:\/\/bcrockdrill.com\/tr\/e-commerce\/hava-filtre-hortumu-4\/#breadcrumb"},"inLanguage":"tr","potentialAction":[{"@type":"ReadAction","target":["https:\/\/bcrockdrill.com\/tr\/e-commerce\/hava-filtre-hortumu-4\/"]}]},{"@type":"ImageObject","inLanguage":"tr","@id":"https:\/\/bcrockdrill.com\/tr\/e-commerce\/hava-filtre-hortumu-4\/#primaryimage","url":"https:\/\/bcrockdrill.com\/tr\/wp-content\/uploads\/sites\/14\/2022\/10\/121-000-455_kapak.jpg","contentUrl":"https:\/\/bcrockdrill.com\/tr\/wp-content\/uploads\/sites\/14\/2022\/10\/121-000-455_kapak.jpg","width":600,"height":400},{"@type":"BreadcrumbList","@id":"https:\/\/bcrockdrill.com\/tr\/e-commerce\/hava-filtre-hortumu-4\/#breadcrumb","itemListElement":[{"@type":"ListItem","position":1,"name":"Ana Sayfa","item":"https:\/\/bcrockdrill.com\/tr\/"},{"@type":"ListItem","position":2,"name":"E-Ticaret","item":"https:\/\/bcrockdrill.com\/tr\/e-commerce\/"},{"@type":"ListItem","position":3,"name":"Hava Filtre Hortumu"}]},{"@type":"WebSite","@id":"https:\/\/bcrockdrill.com\/tr\/#website","url":"https:\/\/bcrockdrill.com\/tr\/","name":"BC Delici Makine Yedek Par\u00e7a \u00dcreticisi","description":"Delici Tabanca ve Makine Yedek Par\u00e7alar\u0131","publisher":{"@id":"https:\/\/bcrockdrill.com\/tr\/#organization"},"potentialAction":[{"@type":"SearchAction","target":{"@type":"EntryPoint","urlTemplate":"https:\/\/bcrockdrill.com\/tr\/?s={search_term_string}"},"query-input":{"@type":"PropertyValueSpecification","valueRequired":true,"valueName":"search_term_string"}}],"inLanguage":"tr"},{"@type":"Organization","@id":"https:\/\/bcrockdrill.com\/tr\/#organization","name":"Delkom Rock Drill","url":"https:\/\/bcrockdrill.com\/tr\/","logo":{"@type":"ImageObject","inLanguage":"tr","@id":"https:\/\/bcrockdrill.com\/tr\/#\/schema\/logo\/image\/","url":"https:\/\/bcrockdrill.com\/tr\/wp-content\/uploads\/sites\/14\/2021\/06\/logo-white-1.png","contentUrl":"https:\/\/bcrockdrill.com\/tr\/wp-content\/uploads\/sites\/14\/2021\/06\/logo-white-1.png","width":300,"height":74,"caption":"Delkom Rock Drill"},"image":{"@id":"https:\/\/bcrockdrill.com\/tr\/#\/schema\/logo\/image\/"}}]}},"acf":[],"_links":{"self":[{"href":"https:\/\/bcrockdrill.com\/tr\/wp-json\/wp\/v2\/product\/61280","targetHints":{"allow":["GET"]}}],"collection":[{"href":"https:\/\/bcrockdrill.com\/tr\/wp-json\/wp\/v2\/product"}],"about":[{"href":"https:\/\/bcrockdrill.com\/tr\/wp-json\/wp\/v2\/types\/product"}],"wp:featuredmedia":[{"embeddable":true,"href":"https:\/\/bcrockdrill.com\/tr\/wp-json\/wp\/v2\/media\/61281"}],"wp:attachment":[{"href":"https:\/\/bcrockdrill.com\/tr\/wp-json\/wp\/v2\/media?parent=61280"}],"wp:term":[{"taxonomy":"product_brand","embeddable":true,"href":"https:\/\/bcrockdrill.com\/tr\/wp-json\/wp\/v2\/product_brand?post=61280"},{"taxonomy":"product_cat","embeddable":true,"href":"https:\/\/bcrockdrill.com\/tr\/wp-json\/wp\/v2\/product_cat?post=61280"},{"taxonomy":"product_tag","embeddable":true,"href":"https:\/\/bcrockdrill.com\/tr\/wp-json\/wp\/v2\/product_tag?post=61280"}],"curies":[{"name":"wp","href":"https:\/\/api.w.org\/{rel}","templated":true}]}}